{"id":42,"date":"2016-04-02T18:21:02","date_gmt":"2016-04-02T18:21:02","guid":{"rendered":"http:\/\/electrocaddy.com\/?page_id=42"},"modified":"2019-09-12T22:24:28","modified_gmt":"2019-09-12T22:24:28","slug":"terminos-de-uso","status":"publish","type":"page","link":"https:\/\/electrocaddy.com\/?page_id=42","title":{"rendered":"Garantia"},"content":{"rendered":"<h2>Condiciones de la garant\u00eda standard<\/h2>\n<p>El carrito, el cargador y la bater\u00eda de litio PowerBug est\u00e1n cubiertos por una garant\u00eda de 12 meses a partir de la fecha de compra.<\/p>\n<p>La garant\u00eda cubre los defectos de fabricaci\u00f3n que ocurran durante el uso normal. Cualquier rotura ocasionada por un da\u00f1o accidental o que se produzca como resultado del abuso o del uso indebido (tal y como se establezca en el manual correspondiente), o de un uso comercial, no est\u00e1 cubierto.<\/p>\n<p>Si Usted encuentra un problema en su carrito, bater\u00eda o cargador dentro del periodo de garant\u00eda, p\u00f3ngase en contacto con el establecimiento de compra o ll\u00e1menos directamente para que podamos resolver el problema lo m\u00e1s r\u00e1pidamente posible.<\/p>\n<p>En el caso improbable de que necesite hacer una reclamaci\u00f3n, debe proporcionar su comprobante de compra, aseg\u00farese de conservarlo. Si diagnosticamos que necesita una pieza de repuesto, se la enviaremos por correo preferente junto con unas sencillas instrucciones de montaje. En caso de no ser posible, deber\u00e1 enviarnos su producto a nuestro centro de reparaci\u00f3n, donde ser\u00e1 reparado o reemplazado, para luego ser retirado. Todo gasto que involucre el env\u00edo a nuestro centro de reparaci\u00f3n, ser\u00e1 afrontado por el propietario del carrito.<\/p>\n<p>Si el defecto no est\u00e1 cubierto por las condiciones de esta garant\u00eda, usted igualmente ser\u00e1 responsable de los gastos de env\u00edo y administrativos, adem\u00e1s de los costes de las piezas y de la mano de obra.<\/p>\n<p>Normalmente se realizar\u00e1 la reparaci\u00f3n, pero en el caso improbable de que el carrito, la bater\u00eda o el cargador no puedan repararse, se reemplazar\u00e1n. Todas las reparaciones o sustituciones ser\u00e1n realizadas sin cargo y no incluir\u00e1 una nueva garant\u00eda m\u00e1s all\u00e1 de la correspondiente a la compra original.<\/p>\n<p>Las garant\u00edas aqu\u00ed contenidas se ofrecen como beneficio adicional y no afectan a sus derechos legales como consumidor.<\/p>\n","protected":false},"excerpt":{"rendered":"<p>Condiciones de la garant\u00eda standard El carrito, el cargador y la bater\u00eda de litio PowerBug est\u00e1n cubiertos por una garant\u00eda de 12 meses a partir de la fecha de compra. La garant\u00eda cubre los defectos de fabricaci\u00f3n que ocurran durante el uso normal. Cualquier rotura ocasionada por un da\u00f1o accidental o que se produzca como <a class=\"moretag\" href=\"https:\/\/electrocaddy.com\/?page_id=42\">Read More &#8230;<\/a><\/p>\n","protected":false},"author":1,"featured_media":0,"parent":0,"menu_order":0,"comment_status":"closed","ping_status":"closed","template":"full-width-page.php","meta":{"_exactmetrics_skip_tracking":false,"_exactmetrics_sitenote_active":false,"_exactmetrics_sitenote_note":"","_exactmetrics_sitenote_category":0,"footnotes":""},"class_list":["post-42","page","type-page","status-publish","hentry"],"yoast_head":"<!-- This site is optimized with the Yoast SEO plugin v25.0 - https:\/\/yoast.com\/wordpress\/plugins\/seo\/ -->\r\n<title>Garantia | ELECTROcaddy<\/title>\r\n<meta name=\"description\" content=\"carros de golf\" \/>\r\n<meta name=\"robots\" content=\"index, follow, max-snippet:-1, max-image-preview:large, max-video-preview:-1\" \/>\r\n<link rel=\"canonical\" href=\"https:\/\/electrocaddy.com\/?page_id=42\" \/>\r\n<meta property=\"og:locale\" content=\"en_US\" \/>\r\n<meta property=\"og:type\" content=\"article\" \/>\r\n<meta property=\"og:title\" content=\"Garantia | ELECTROcaddy\" \/>\r\n<meta property=\"og:description\" content=\"carros de golf\" \/>\r\n<meta property=\"og:url\" content=\"https:\/\/electrocaddy.com\/?page_id=42\" \/>\r\n<meta property=\"og:site_name\" content=\"ELECTROcaddy\" \/>\r\n<meta property=\"article:modified_time\" content=\"2019-09-12T22:24:28+00:00\" \/>\r\n<meta name=\"twitter:card\" content=\"summary_large_image\" \/>\r\n<meta name=\"twitter:label1\" content=\"Est. reading time\" \/>\n\t<meta name=\"twitter:data1\" content=\"2 minutes\" \/>\r\n<script type=\"application\/ld+json\" class=\"yoast-schema-graph\">{\"@context\":\"https:\/\/schema.org\",\"@graph\":[{\"@type\":\"WebPage\",\"@id\":\"https:\/\/electrocaddy.com\/?page_id=42\",\"url\":\"https:\/\/electrocaddy.com\/?page_id=42\",\"name\":\"Garantia | ELECTROcaddy\",\"isPartOf\":{\"@id\":\"https:\/\/electrocaddy.com\/#website\"},\"datePublished\":\"2016-04-02T18:21:02+00:00\",\"dateModified\":\"2019-09-12T22:24:28+00:00\",\"description\":\"carros de golf\",\"breadcrumb\":{\"@id\":\"https:\/\/electrocaddy.com\/?page_id=42#breadcrumb\"},\"inLanguage\":\"en-US\",\"potentialAction\":[{\"@type\":\"ReadAction\",\"target\":[\"https:\/\/electrocaddy.com\/?page_id=42\"]}]},{\"@type\":\"BreadcrumbList\",\"@id\":\"https:\/\/electrocaddy.com\/?page_id=42#breadcrumb\",\"itemListElement\":[{\"@type\":\"ListItem\",\"position\":1,\"name\":\"Home\",\"item\":\"https:\/\/electrocaddy.com\/\"},{\"@type\":\"ListItem\",\"position\":2,\"name\":\"Garantia\"}]},{\"@type\":\"WebSite\",\"@id\":\"https:\/\/electrocaddy.com\/#website\",\"url\":\"https:\/\/electrocaddy.com\/\",\"name\":\"ELECTROcaddy\",\"description\":\"Carritos de Golf - Oficial Retailer PowerBug Argentina - Golf Argentina - Carros de Golf Electricos Argentina\",\"potentialAction\":[{\"@type\":\"SearchAction\",\"target\":{\"@type\":\"EntryPoint\",\"urlTemplate\":\"https:\/\/electrocaddy.com\/?s={search_term_string}\"},\"query-input\":{\"@type\":\"PropertyValueSpecification\",\"valueRequired\":true,\"valueName\":\"search_term_string\"}}],\"inLanguage\":\"en-US\"}]}<\/script>\r\n<!-- \/ Yoast SEO plugin. -->","yoast_head_json":{"title":"Garantia | ELECTROcaddy","description":"carros de golf","robots":{"index":"index","follow":"follow","max-snippet":"max-snippet:-1","max-image-preview":"max-image-preview:large","max-video-preview":"max-video-preview:-1"},"canonical":"https:\/\/electrocaddy.com\/?page_id=42","og_locale":"en_US","og_type":"article","og_title":"Garantia | ELECTROcaddy","og_description":"carros de golf","og_url":"https:\/\/electrocaddy.com\/?page_id=42","og_site_name":"ELECTROcaddy","article_modified_time":"2019-09-12T22:24:28+00:00","twitter_card":"summary_large_image","twitter_misc":{"Est. reading time":"2 minutes"},"schema":{"@context":"https:\/\/schema.org","@graph":[{"@type":"WebPage","@id":"https:\/\/electrocaddy.com\/?page_id=42","url":"https:\/\/electrocaddy.com\/?page_id=42","name":"Garantia | ELECTROcaddy","isPartOf":{"@id":"https:\/\/electrocaddy.com\/#website"},"datePublished":"2016-04-02T18:21:02+00:00","dateModified":"2019-09-12T22:24:28+00:00","description":"carros de golf","breadcrumb":{"@id":"https:\/\/electrocaddy.com\/?page_id=42#breadcrumb"},"inLanguage":"en-US","potentialAction":[{"@type":"ReadAction","target":["https:\/\/electrocaddy.com\/?page_id=42"]}]},{"@type":"BreadcrumbList","@id":"https:\/\/electrocaddy.com\/?page_id=42#breadcrumb","itemListElement":[{"@type":"ListItem","position":1,"name":"Home","item":"https:\/\/electrocaddy.com\/"},{"@type":"ListItem","position":2,"name":"Garantia"}]},{"@type":"WebSite","@id":"https:\/\/electrocaddy.com\/#website","url":"https:\/\/electrocaddy.com\/","name":"ELECTROcaddy","description":"Carritos de Golf - Oficial Retailer PowerBug Argentina - Golf Argentina - Carros de Golf Electricos Argentina","potentialAction":[{"@type":"SearchAction","target":{"@type":"EntryPoint","urlTemplate":"https:\/\/electrocaddy.com\/?s={search_term_string}"},"query-input":{"@type":"PropertyValueSpecification","valueRequired":true,"valueName":"search_term_string"}}],"inLanguage":"en-US"}]}},"_links":{"self":[{"href":"https:\/\/electrocaddy.com\/index.php?rest_route=\/wp\/v2\/pages\/42","targetHints":{"allow":["GET"]}}],"collection":[{"href":"https:\/\/electrocaddy.com\/index.php?rest_route=\/wp\/v2\/pages"}],"about":[{"href":"https:\/\/electrocaddy.com\/index.php?rest_route=\/wp\/v2\/types\/page"}],"author":[{"embeddable":true,"href":"https:\/\/electrocaddy.com\/index.php?rest_route=\/wp\/v2\/users\/1"}],"replies":[{"embeddable":true,"href":"https:\/\/electrocaddy.com\/index.php?rest_route=%2Fwp%2Fv2%2Fcomments&post=42"}],"version-history":[{"count":13,"href":"https:\/\/electrocaddy.com\/index.php?rest_route=\/wp\/v2\/pages\/42\/revisions"}],"predecessor-version":[{"id":895,"href":"https:\/\/electrocaddy.com\/index.php?rest_route=\/wp\/v2\/pages\/42\/revisions\/895"}],"wp:attachment":[{"href":"https:\/\/electrocaddy.com\/index.php?rest_route=%2Fwp%2Fv2%2Fmedia&parent=42"}],"curies":[{"name":"wp","href":"https:\/\/api.w.org\/{rel}","templated":true}]}}